{"id":176,"date":"2019-01-27T19:14:27","date_gmt":"2019-01-27T19:14:27","guid":{"rendered":"http:\/\/www.tamerkavlak.com\/?page_id=176"},"modified":"2021-11-12T12:39:44","modified_gmt":"2021-11-12T12:39:44","slug":"about-me","status":"publish","type":"page","link":"https:\/\/www.tamerkavlak.com\/tr\/","title":{"rendered":"Hakk\u0131mda"},"content":{"rendered":"<p><img loading=\"lazy\" decoding=\"async\" class=\"alignleft wp-image-60 size-thumbnail\" src=\"http:\/\/www.tamerkavlak.com\/wp-content\/uploads\/2019\/01\/IMG_20181216_153314-150x150.jpg\" alt=\"\" width=\"150\" height=\"150\" \/>\u0130svi\u00e7re&#8217;de do\u011fdum ve \u0130stanbul, T\u00fcrkiye ile Z\u00fcrih, \u0130svi\u00e7re aras\u0131nda, bir \u015fekilde k\u00fclt\u00fcrler, dinler ve diller aras\u0131nda b\u00fcy\u00fcd\u00fcm. Ayn\u0131 anda hepsine ve hi\u00e7birine ait olmadan, kendimi belirli bir yere, k\u00fclt\u00fcre veya millete ait olmaktansa gezegenin bir vatanda\u015f\u0131 olarak g\u00f6r\u00fcyorum.<\/p>\n<p>\u015eimdiye kadar hareketli bir ya\u015fam\u0131n l\u00fcks\u00fcne sahip oldum. Sindirimek her zaman kolay olmasa da, deneyim a\u00e7\u0131s\u0131ndan her zaman zengindi.<\/p>\n<p>2011&#8217;den beri zaman\u0131m\u0131 \u0130stanbul &#8211; Z\u00fcrih &#8211; Sapucai (Paraguay) aras\u0131nda i\u015f, aile ve tutku aras\u0131nda bir denge kurmaya \u00e7al\u0131\u015farak ge\u00e7iriyorum.<\/p>\n<h2>Bambu Orman\u0131nda Dans<\/h2>\n<p><img loading=\"lazy\" decoding=\"async\" class=\"aligncenter size-full wp-image-274\" src=\"http:\/\/www.tamerkavlak.com\/wp-content\/uploads\/2019\/01\/bamboo-forest-640x140.jpg\" alt=\"\" width=\"640\" height=\"141\" srcset=\"http:\/\/static.tamerkavlak.com\/wp-content\/uploads\/2019\/01\/bamboo-forest-640x140.jpg 640w, http:\/\/static.tamerkavlak.com\/wp-content\/uploads\/2019\/01\/bamboo-forest-640x140-300x66.jpg 300w\" sizes=\"auto, (max-width: 640px) 100vw, 640px\" \/><\/p>\n<p>Zorluklar\u0131 ve ustala\u015fana kadar yeni beceriler \u00f6\u011frenmeyi severim.<br \/>\nG\u00fcnl\u00fck hayat\u0131mda her zaman kendimi t\u00fcm tutkumla adayabilece\u011fim en az bir \u015feye ihtiyac\u0131m oldu\u011funu hissettim.<\/p>\n<p>E\u011fer bu tutkuyu payla\u015facak ve birbirimizden bir \u015feyler \u00f6\u011frenebilece\u011fimiz, benzer d\u00fc\u015f\u00fcnen insanlar da bulabilirsem&#8230;Bu da cilas\u0131 olurdu.<\/p>\n<p>Tutkulu insanlar\u0131n hikayelerini okumaktan her zaman zevk alm\u0131\u015f\u0131md\u0131r. Onlar\u0131n hikayelerini ve geli\u015fimlerini takip etmeyi ve ba\u015fkalar\u0131n\u0131n bak\u0131\u015f a\u00e7\u0131s\u0131ndan fikirler edinmeyi, zenginle\u015ftirici ve ilham verici buluyorum. \u00c7evrimi\u00e7i d\u00fcnya zengin bir kaynak; ki\u015fisel hikaleri, hatta herhangi bir hikayeyi payla\u015fmay\u0131 kolayla\u015ft\u0131rd\u0131.<\/p>\n<p>2019&#8217;dan itibaren bu blogda kendi ki\u015fisel tecr\u00fcbelerimi ve tutkular\u0131m\u0131 payla\u015fmaya karar verdim. Ve son 15 y\u0131ldan beri benim i\u00e7in b\u00fcy\u00fck bir tutku oldu\u011fu i\u00e7in Dans ile ba\u015flayaca\u011f\u0131m. Kar\u015f\u0131n\u0131zda, <a href=\"http:\/\/www.tamerkavlak.com\/3-lessons-learned-falling-in-love-dancing\/\">Dans\u0131m ile Tan\u0131\u015fman\u0131n<\/a> ilk b\u00f6l\u00fcm\u00fc.<\/p>\n<p>G\u00f6nderilerimden haberdar olmak i\u00e7in beni Instagram&#8217;da veya Facebook&#8217;ta takip edebilirsiniz.<\/p>\n<p>Umar\u0131m ki keyif alacaks\u0131n\u0131z<\/p>\n<p>hmm &#8230; \u015fimdiye kadarki metnim bambu orman\u0131n\u0131 de\u011fil de sadece ba\u015fl\u0131\u011f\u0131n &#8220;dans&#8221; k\u0131sm\u0131n\u0131 a\u00e7\u0131klad\u0131. Bambu da benim bir di\u011fer tutkum. Yak\u0131n gelecekte bu konuya dair ve ba\u011flant\u0131l\u0131 baz\u0131 bilgiler ve deneyimler de payla\u015faca\u011f\u0131m.<\/p>\n<p>Hayallerim bir bambu orman\u0131nda ya\u015famak ve tabii ki&#8230; Orada dans etmek!<\/p>","protected":false},"excerpt":{"rendered":"<p>\u0130svi\u00e7re&#8217;de do\u011fdum ve \u0130stanbul, T\u00fcrkiye ile Z\u00fcrih, \u0130svi\u00e7re aras\u0131nda, bir \u015fekilde k\u00fclt\u00fcrler, dinler ve diller aras\u0131nda b\u00fcy\u00fcd\u00fcm. Ayn\u0131 anda hepsine ve hi\u00e7birine ait olmadan, kendimi belirli bir yere, k\u00fclt\u00fcre veya millete ait olmaktansa gezegenin bir vatanda\u015f\u0131 olarak g\u00f6r\u00fcyorum. \u015eimdiye kadar hareketli bir ya\u015fam\u0131n l\u00fcks\u00fcne sahip oldum. Sindirimek her zaman kolay olmasa da, deneyim a\u00e7\u0131s\u0131ndan her&hellip; <a href=\"https:\/\/www.tamerkavlak.com\/tr\/\" class=\"more-link\">Read more <span class=\"screen-reader-text\">Hakk\u0131mda<\/span> <svg class=\"icon icon-next\" aria-hidden=\"true\" role=\"img\"><use xlink:href=\"#icon-next\"><\/use><\/svg><\/a><\/p>\n","protected":false},"author":1,"featured_media":0,"parent":0,"menu_order":0,"comment_status":"closed","ping_status":"closed","template":"","meta":{"jetpack_post_was_ever_published":false,"footnotes":""},"class_list":["post-176","page","type-page","status-publish","hentry"],"jetpack_shortlink":"https:\/\/wp.me\/PaAeaF-2Q","jetpack_sharing_enabled":true,"jetpack_likes_enabled":true,"_links":{"self":[{"href":"https:\/\/www.tamerkavlak.com\/tr\/wp-json\/wp\/v2\/pages\/176","targetHints":{"allow":["GET"]}}],"collection":[{"href":"https:\/\/www.tamerkavlak.com\/tr\/wp-json\/wp\/v2\/pages"}],"about":[{"href":"https:\/\/www.tamerkavlak.com\/tr\/wp-json\/wp\/v2\/types\/page"}],"author":[{"embeddable":true,"href":"https:\/\/www.tamerkavlak.com\/tr\/wp-json\/wp\/v2\/users\/1"}],"replies":[{"embeddable":true,"href":"https:\/\/www.tamerkavlak.com\/tr\/wp-json\/wp\/v2\/comments?post=176"}],"version-history":[{"count":21,"href":"https:\/\/www.tamerkavlak.com\/tr\/wp-json\/wp\/v2\/pages\/176\/revisions"}],"predecessor-version":[{"id":311,"href":"https:\/\/www.tamerkavlak.com\/tr\/wp-json\/wp\/v2\/pages\/176\/revisions\/311"}],"wp:attachment":[{"href":"https:\/\/www.tamerkavlak.com\/tr\/wp-json\/wp\/v2\/media?parent=176"}],"curies":[{"name":"wp","href":"https:\/\/api.w.org\/{rel}","templated":true}]}}