{"id":176,"date":"2019-01-27T19:14:27","date_gmt":"2019-01-27T19:14:27","guid":{"rendered":"http:\/\/www.tamerkavlak.com\/?page_id=176"},"modified":"2021-11-12T12:39:44","modified_gmt":"2021-11-12T12:39:44","slug":"about-me","status":"publish","type":"page","link":"https:\/\/www.tamerkavlak.com\/de\/","title":{"rendered":"About me"},"content":{"rendered":"<p><img loading=\"lazy\" decoding=\"async\" class=\"alignleft wp-image-60 size-thumbnail\" src=\"http:\/\/www.tamerkavlak.com\/wp-content\/uploads\/2019\/01\/IMG_20181216_153314-150x150.jpg\" alt=\"\" width=\"150\" height=\"150\" \/><\/p>\n<p>Ich bin in der Schweiz geboren und zwischen Istanbul, T\u00fcrkei und Z\u00fcrich, Schweiz, zwischen Kulturen, Religion und Sprachen aufgewachsen. Da ich allen und keinem von ihnen voll angeh\u00f6re, betrachte ich mich eher als B\u00fcrger des Planeten, als als einem bestimmten Ort, einer bestimmten Kultur oder Nation anzugeh\u00f6ren.<\/p>\n<p>Ich hatte bisher den Luxus eines ereignisreichen Lebens. Es war nicht immer einfach zu verdauen, aber reich an Erfahrungen.<\/p>\n<p>Seit 2011 verbringe ich meine Zeit haupts\u00e4chlich zwischen Istanbul &#8211; Z\u00fcrich &#8211; Sapucai (Paraguay) und versuche, ein Gleichgewicht zwischen Familie,\u00a0Arbeit und Leidenschaft zu finden.<\/p>","protected":false},"excerpt":{"rendered":"<p>Ich bin in der Schweiz geboren und zwischen Istanbul, T\u00fcrkei und Z\u00fcrich, Schweiz, zwischen Kulturen, Religion und Sprachen aufgewachsen. Da ich allen und keinem von ihnen voll angeh\u00f6re, betrachte ich mich eher als B\u00fcrger des Planeten, als als einem bestimmten Ort, einer bestimmten Kultur oder Nation anzugeh\u00f6ren. Ich hatte bisher den Luxus eines ereignisreichen Lebens.&hellip; <a href=\"https:\/\/www.tamerkavlak.com\/de\/\" class=\"more-link\">Read more <span class=\"screen-reader-text\">About me<\/span> <svg class=\"icon icon-next\" aria-hidden=\"true\" role=\"img\"><use xlink:href=\"#icon-next\"><\/use><\/svg><\/a><\/p>\n","protected":false},"author":1,"featured_media":0,"parent":0,"menu_order":0,"comment_status":"closed","ping_status":"closed","template":"","meta":{"jetpack_post_was_ever_published":false,"footnotes":""},"class_list":["post-176","page","type-page","status-publish","hentry"],"jetpack_shortlink":"https:\/\/wp.me\/PaAeaF-2Q","jetpack_sharing_enabled":true,"jetpack_likes_enabled":true,"_links":{"self":[{"href":"https:\/\/www.tamerkavlak.com\/de\/wp-json\/wp\/v2\/pages\/176","targetHints":{"allow":["GET"]}}],"collection":[{"href":"https:\/\/www.tamerkavlak.com\/de\/wp-json\/wp\/v2\/pages"}],"about":[{"href":"https:\/\/www.tamerkavlak.com\/de\/wp-json\/wp\/v2\/types\/page"}],"author":[{"embeddable":true,"href":"https:\/\/www.tamerkavlak.com\/de\/wp-json\/wp\/v2\/users\/1"}],"replies":[{"embeddable":true,"href":"https:\/\/www.tamerkavlak.com\/de\/wp-json\/wp\/v2\/comments?post=176"}],"version-history":[{"count":21,"href":"https:\/\/www.tamerkavlak.com\/de\/wp-json\/wp\/v2\/pages\/176\/revisions"}],"predecessor-version":[{"id":311,"href":"https:\/\/www.tamerkavlak.com\/de\/wp-json\/wp\/v2\/pages\/176\/revisions\/311"}],"wp:attachment":[{"href":"https:\/\/www.tamerkavlak.com\/de\/wp-json\/wp\/v2\/media?parent=176"}],"curies":[{"name":"wp","href":"https:\/\/api.w.org\/{rel}","templated":true}]}}